{"id":10,"date":"2025-06-25T00:22:22","date_gmt":"2025-06-24T23:22:22","guid":{"rendered":"http:\/\/ozyildiziklim.com\/?page_id=10"},"modified":"2025-07-01T20:51:28","modified_gmt":"2025-07-01T19:51:28","slug":"about","status":"publish","type":"page","link":"https:\/\/ozyildiziklim.com\/index.php\/about\/","title":{"rendered":"About Us"},"content":{"rendered":"\n<div class=\"wp-block-cover alignfull\" style=\"min-height:320px;aspect-ratio:unset;\"><span aria-hidden=\"true\" class=\"wp-block-cover__background has-nv-site-bg-background-color has-background-dim-100 has-background-dim\"><\/span><div class=\"wp-block-cover__inner-container is-layout-flow wp-block-cover-is-layout-flow\">\n<div class=\"wp-block-group\" style=\"padding-right:var(--wp--preset--spacing--30);padding-left:var(--wp--preset--spacing--30)\"><div class=\"wp-block-group__inner-container is-layout-flow wp-block-group-is-layout-flow\">\n<h1 class=\"wp-block-heading has-text-align-left has-neve-text-color-color has-text-color\">About Us<\/h1>\n<\/div><\/div>\n<\/div><\/div>\n\n\n\n<div class=\"wp-block-cover alignfull\" style=\"min-height:600px;aspect-ratio:unset;\"><span aria-hidden=\"true\" class=\"wp-block-cover__background has-nv-light-bg-background-color has-background-dim-100 has-background-dim\"><\/span><div class=\"wp-block-cover__inner-container is-layout-flow wp-block-cover-is-layout-flow\">\n<div class=\"wp-block-group\"><div class=\"wp-block-group__inner-container is-layout-flow wp-block-group-is-layout-flow\">\n<div class=\"wp-block-columns are-vertically-aligned-center has-neve-text-color-color has-text-color is-layout-flex wp-container-core-columns-is-layout-9d6595d7 wp-block-columns-is-layout-flex\">\n<div class=\"wp-block-column is-vertically-aligned-center is-layout-flow wp-block-column-is-layout-flow\" style=\"padding-right:var(--wp--preset--spacing--30);padding-left:var(--wp--preset--spacing--30);flex-basis:50%\">\n<figure class=\"wp-block-image size-full has-custom-border\"><img loading=\"lazy\" decoding=\"async\" width=\"500\" height=\"500\" src=\"https:\/\/ozyildiziklim.com\/wp-content\/uploads\/2025\/07\/WhatsApp_Gorsel_2025-07-01_saat_20.48.45_c6d117e3-removebg-preview.png\" alt=\"\" class=\"wp-image-234\" style=\"border-radius:16px\" srcset=\"https:\/\/ozyildiziklim.com\/wp-content\/uploads\/2025\/07\/WhatsApp_Gorsel_2025-07-01_saat_20.48.45_c6d117e3-removebg-preview.png 500w, https:\/\/ozyildiziklim.com\/wp-content\/uploads\/2025\/07\/WhatsApp_Gorsel_2025-07-01_saat_20.48.45_c6d117e3-removebg-preview-300x300.png 300w, https:\/\/ozyildiziklim.com\/wp-content\/uploads\/2025\/07\/WhatsApp_Gorsel_2025-07-01_saat_20.48.45_c6d117e3-removebg-preview-150x150.png 150w, https:\/\/ozyildiziklim.com\/wp-content\/uploads\/2025\/07\/WhatsApp_Gorsel_2025-07-01_saat_20.48.45_c6d117e3-removebg-preview-100x100.png 100w\" sizes=\"auto, (max-width: 500px) 100vw, 500px\" \/><\/figure>\n<\/div>\n\n\n\n<div class=\"wp-block-column is-vertically-aligned-center is-layout-flow wp-block-column-is-layout-flow\" style=\"padding-top:0;padding-right:var(--wp--preset--spacing--30);padding-bottom:0;padding-left:var(--wp--preset--spacing--30);flex-basis:50%\">\n<h2 class=\"wp-block-heading has-neve-text-color-color has-text-color\">Welcome to <strong>\u00d6zy\u0131ld\u0131z Industrial Cooling<\/strong> \u2014 where protecting your products is our priority.<\/h2>\n\n\n\n<p>With years of experience in the refrigeration industry, we\u2019ve built a reputation on quality workmanship, fast service, and complete customer satisfaction. Whether you&#8217;re upgrading or maintaining your commercial equipment, our expert team is here to deliver tailor-made cooling solutions you can count on.<\/p>\n\n\n\n<p>We don\u2019t just maintain industrial refrigeration systems \u2014 we build lasting relationships through honest advice, fair pricing, and dependable after-sales support.<\/p>\n\n\n\n<p class=\"has-neve-text-color-color has-text-color\"><strong>Experience the \u00d6zy\u0131ld\u0131z difference \u2014 reliable, professional, and built for business.<\/strong><\/p>\n<\/div>\n<\/div>\n<\/div><\/div>\n\n\n\n<div class=\"wp-block-buttons is-content-justification-center is-layout-flex wp-container-core-buttons-is-layout-16018d1d wp-block-buttons-is-layout-flex\">\n<div class=\"wp-block-button\"><a class=\"wp-block-button__link has-text-align-center wp-element-button\" href=\"https:\/\/ozyildiziklim.com\/index.php\/contact\/\">Contact Us<\/a><\/div>\n<\/div>\n<\/div><\/div>\n\n\n\n<div class=\"wp-block-buttons is-layout-flex wp-block-buttons-is-layout-flex\"><\/div>\n","protected":false},"excerpt":{"rendered":"","protected":false},"author":2,"featured_media":0,"parent":0,"menu_order":0,"comment_status":"closed","ping_status":"closed","template":"","meta":{"neve_meta_sidebar":"","neve_meta_container":"","neve_meta_enable_content_width":"on","neve_meta_content_width":100,"neve_meta_title_alignment":"","neve_meta_author_avatar":"","neve_post_elements_order":"","neve_meta_disable_header":"","neve_meta_disable_footer":"","neve_meta_disable_title":"on","footnotes":""},"class_list":["post-10","page","type-page","status-publish","hentry"],"jetpack_sharing_enabled":true,"_links":{"self":[{"href":"https:\/\/ozyildiziklim.com\/index.php\/wp-json\/wp\/v2\/pages\/10","targetHints":{"allow":["GET"]}}],"collection":[{"href":"https:\/\/ozyildiziklim.com\/index.php\/wp-json\/wp\/v2\/pages"}],"about":[{"href":"https:\/\/ozyildiziklim.com\/index.php\/wp-json\/wp\/v2\/types\/page"}],"author":[{"embeddable":true,"href":"https:\/\/ozyildiziklim.com\/index.php\/wp-json\/wp\/v2\/users\/2"}],"replies":[{"embeddable":true,"href":"https:\/\/ozyildiziklim.com\/index.php\/wp-json\/wp\/v2\/comments?post=10"}],"version-history":[{"count":6,"href":"https:\/\/ozyildiziklim.com\/index.php\/wp-json\/wp\/v2\/pages\/10\/revisions"}],"predecessor-version":[{"id":236,"href":"https:\/\/ozyildiziklim.com\/index.php\/wp-json\/wp\/v2\/pages\/10\/revisions\/236"}],"wp:attachment":[{"href":"https:\/\/ozyildiziklim.com\/index.php\/wp-json\/wp\/v2\/media?parent=10"}],"curies":[{"name":"wp","href":"https:\/\/api.w.org\/{rel}","templated":true}]}}