{"id":9,"date":"2025-06-25T00:22:22","date_gmt":"2025-06-24T23:22:22","guid":{"rendered":"http:\/\/ozyildiziklim.com\/?page_id=9"},"modified":"2025-07-01T00:01:42","modified_gmt":"2025-06-30T23:01:42","slug":"home","status":"publish","type":"page","link":"https:\/\/ozyildiziklim.com\/","title":{"rendered":"Homepage"},"content":{"rendered":"\n<div class=\"wp-block-cover alignfull\" style=\"min-height:800px;aspect-ratio:unset;\"><img decoding=\"async\" class=\"wp-block-cover__image-background\" alt=\"\" src=\"https:\/\/ozyildiziklim.com\/wp-content\/themes\/neve\/assets\/img\/starter-content\/neve-hero-2.png\" style=\"object-position:50% 72%\" data-object-fit=\"cover\" data-object-position=\"50% 72%\"\/><span aria-hidden=\"true\" class=\"wp-block-cover__background has-background-dim-0 has-background-dim\"><\/span><div class=\"wp-block-cover__inner-container is-layout-flow wp-block-cover-is-layout-flow\">\n<div class=\"wp-block-columns are-vertically-aligned-center is-layout-flex wp-container-core-columns-is-layout-9d6595d7 wp-block-columns-is-layout-flex\">\n<div class=\"wp-block-column is-vertically-aligned-center is-layout-flow wp-block-column-is-layout-flow\" style=\"padding-right:var(--wp--preset--spacing--20);padding-left:var(--wp--preset--spacing--20);flex-basis:65%\">\n<div style=\"height:80px\" aria-hidden=\"true\" class=\"wp-block-spacer\"><\/div>\n\n\n\n<h1 class=\"wp-block-heading has-text-align-left has-nv-text-dark-bg-color has-text-color\"><strong>We\u2019ve Got Cooling You Can Count On<\/strong><\/h1>\n\n\n\n<p class=\"has-text-align-left has-nv-text-dark-bg-color has-text-color\" style=\"font-size:17px\">From expert installation to responsive aftercare, we bring reliability to your refrigeration systems.<\/p>\n\n\n\n<div class=\"wp-block-buttons is-horizontal is-content-justification-left is-layout-flex wp-container-core-buttons-is-layout-7e5fce0a wp-block-buttons-is-layout-flex\">\n<div class=\"wp-block-button is-style-primary\"><a class=\"wp-block-button__link has-text-color has-background has-link-color wp-element-button\" href=\"https:\/\/ozyildiziklim.com\/index.php\/contact\/\" style=\"color:#0a2279;background-color:#ffffff\">Get a quote<\/a><\/div>\n\n\n\n<div class=\"wp-block-button is-style-secondary\"><a class=\"wp-block-button__link has-nv-text-dark-bg-color has-text-color has-link-color wp-element-button\" href=\"https:\/\/ozyildiziklim.com\/index.php\/contact\/\">Contact us<\/a><\/div>\n<\/div>\n\n\n\n<div style=\"height:100px\" aria-hidden=\"true\" class=\"wp-block-spacer\"><\/div>\n<\/div>\n\n\n\n<div class=\"wp-block-column is-vertically-aligned-center is-layout-flow wp-block-column-is-layout-flow\">\n<figure class=\"wp-block-image size-full\"><img loading=\"lazy\" decoding=\"async\" width=\"800\" height=\"800\" src=\"https:\/\/ozyildiziklim.com\/wp-content\/uploads\/2025\/06\/E7-Iarp_1.png\" alt=\"\" class=\"wp-image-66\" srcset=\"https:\/\/ozyildiziklim.com\/wp-content\/uploads\/2025\/06\/E7-Iarp_1.png 800w, https:\/\/ozyildiziklim.com\/wp-content\/uploads\/2025\/06\/E7-Iarp_1-300x300.png 300w, https:\/\/ozyildiziklim.com\/wp-content\/uploads\/2025\/06\/E7-Iarp_1-100x100.png 100w, https:\/\/ozyildiziklim.com\/wp-content\/uploads\/2025\/06\/E7-Iarp_1-600x600.png 600w, https:\/\/ozyildiziklim.com\/wp-content\/uploads\/2025\/06\/E7-Iarp_1-150x150.png 150w, https:\/\/ozyildiziklim.com\/wp-content\/uploads\/2025\/06\/E7-Iarp_1-768x768.png 768w\" sizes=\"auto, (max-width: 800px) 100vw, 800px\" \/><\/figure>\n<\/div>\n<\/div>\n<\/div><\/div>\n\n\n\n<div style=\"height:40px\" aria-hidden=\"true\" class=\"wp-block-spacer\"><\/div>\n\n\n\n<div class=\"wp-block-columns is-layout-flex wp-container-core-columns-is-layout-9d6595d7 wp-block-columns-is-layout-flex\">\n<div class=\"wp-block-column neve-duotone is-layout-flow wp-block-column-is-layout-flow\" style=\"padding-right:var(--wp--preset--spacing--30);padding-left:var(--wp--preset--spacing--30)\"><div class=\"wp-block-image icon-style is-style-default wp-duotone-unset-1\">\n<figure class=\"aligncenter size-full is-resized has-custom-border\"><img loading=\"lazy\" decoding=\"async\" width=\"512\" height=\"512\" src=\"https:\/\/ozyildiziklim.com\/wp-content\/uploads\/2025\/06\/easy-installation.png\" alt=\"\" class=\"wp-image-50\" style=\"border-radius:0px;width:65px;height:auto\" title=\"\" srcset=\"https:\/\/ozyildiziklim.com\/wp-content\/uploads\/2025\/06\/easy-installation.png 512w, https:\/\/ozyildiziklim.com\/wp-content\/uploads\/2025\/06\/easy-installation-300x300.png 300w, https:\/\/ozyildiziklim.com\/wp-content\/uploads\/2025\/06\/easy-installation-100x100.png 100w, https:\/\/ozyildiziklim.com\/wp-content\/uploads\/2025\/06\/easy-installation-150x150.png 150w\" sizes=\"auto, (max-width: 512px) 100vw, 512px\" \/><\/figure><\/div>\n\n\n<div style=\"height:16px\" aria-hidden=\"true\" class=\"wp-block-spacer\"><\/div>\n\n\n\n<h3 class=\"wp-block-heading has-text-align-center has-neve-text-color-color has-text-color\"> Installation &amp; Replacement<\/h3>\n\n\n\n<p class=\"has-text-align-center\">Tailored to your space and budget, with expert advice from day one.<\/p>\n\n\n\n<div style=\"height:20px\" aria-hidden=\"true\" class=\"wp-block-spacer\"><\/div>\n<\/div>\n\n\n\n<div class=\"wp-block-column is-layout-flow wp-block-column-is-layout-flow\" style=\"padding-right:var(--wp--preset--spacing--30);padding-left:var(--wp--preset--spacing--30)\"><div class=\"wp-block-image icon-style is-style-default\">\n<figure class=\"aligncenter size-full is-resized has-custom-border\"><img loading=\"lazy\" decoding=\"async\" width=\"512\" height=\"512\" src=\"https:\/\/ozyildiziklim.com\/wp-content\/uploads\/2025\/06\/mechanic.png\" alt=\"\" class=\"wp-image-51\" style=\"border-radius:0px;width:71px;height:auto\" title=\"\" srcset=\"https:\/\/ozyildiziklim.com\/wp-content\/uploads\/2025\/06\/mechanic.png 512w, https:\/\/ozyildiziklim.com\/wp-content\/uploads\/2025\/06\/mechanic-300x300.png 300w, https:\/\/ozyildiziklim.com\/wp-content\/uploads\/2025\/06\/mechanic-100x100.png 100w, https:\/\/ozyildiziklim.com\/wp-content\/uploads\/2025\/06\/mechanic-150x150.png 150w\" sizes=\"auto, (max-width: 512px) 100vw, 512px\" \/><\/figure><\/div>\n\n\n<div style=\"height:16px\" aria-hidden=\"true\" class=\"wp-block-spacer\"><\/div>\n\n\n\n<h3 class=\"wp-block-heading has-text-align-center has-neve-text-color-color has-text-color\">Maintenance &amp; Repairs<\/h3>\n\n\n\n<p class=\"has-text-align-center\">Fast response times and skilled technicians to keep your system running smoothly year-round.<\/p>\n\n\n\n<div style=\"height:20px\" aria-hidden=\"true\" class=\"wp-block-spacer\"><\/div>\n<\/div>\n\n\n\n<div class=\"wp-block-column is-layout-flow wp-block-column-is-layout-flow\" style=\"padding-right:var(--wp--preset--spacing--30);padding-left:var(--wp--preset--spacing--30)\"><div class=\"wp-block-image icon-style is-style-default wp-duotone-unset-2\">\n<figure class=\"aligncenter size-full is-resized has-custom-border\"><img loading=\"lazy\" decoding=\"async\" width=\"512\" height=\"512\" src=\"https:\/\/ozyildiziklim.com\/wp-content\/uploads\/2025\/06\/communication.png\" alt=\"\" class=\"wp-image-52\" style=\"border-radius:0px;width:71px;height:auto\" title=\"\" srcset=\"https:\/\/ozyildiziklim.com\/wp-content\/uploads\/2025\/06\/communication.png 512w, https:\/\/ozyildiziklim.com\/wp-content\/uploads\/2025\/06\/communication-300x300.png 300w, https:\/\/ozyildiziklim.com\/wp-content\/uploads\/2025\/06\/communication-100x100.png 100w, https:\/\/ozyildiziklim.com\/wp-content\/uploads\/2025\/06\/communication-150x150.png 150w\" sizes=\"auto, (max-width: 512px) 100vw, 512px\" \/><\/figure><\/div>\n\n\n<div style=\"height:16px\" aria-hidden=\"true\" class=\"wp-block-spacer\"><\/div>\n\n\n\n<h3 class=\"wp-block-heading has-text-align-center has-neve-text-color-color has-text-color\">Commercial Solutions<\/h3>\n\n\n\n<p class=\"has-text-align-center\">Custom cooling solutions for offices, shops, butchers, and industrial spaces.<\/p>\n\n\n\n<div style=\"height:20px\" aria-hidden=\"true\" class=\"wp-block-spacer\"><\/div>\n<\/div>\n\n\n\n<div class=\"wp-block-column is-layout-flow wp-block-column-is-layout-flow\" style=\"padding-right:var(--wp--preset--spacing--30);padding-left:var(--wp--preset--spacing--30)\"><div class=\"wp-block-image icon-style is-style-default wp-duotone-unset-3\">\n<figure class=\"aligncenter size-full is-resized has-custom-border\"><img loading=\"lazy\" decoding=\"async\" width=\"512\" height=\"512\" src=\"https:\/\/ozyildiziklim.com\/wp-content\/uploads\/2025\/06\/support.png\" alt=\"\" class=\"wp-image-53\" style=\"border-radius:0px;width:83px;height:auto\" title=\"\" srcset=\"https:\/\/ozyildiziklim.com\/wp-content\/uploads\/2025\/06\/support.png 512w, https:\/\/ozyildiziklim.com\/wp-content\/uploads\/2025\/06\/support-300x300.png 300w, https:\/\/ozyildiziklim.com\/wp-content\/uploads\/2025\/06\/support-100x100.png 100w, https:\/\/ozyildiziklim.com\/wp-content\/uploads\/2025\/06\/support-150x150.png 150w\" sizes=\"auto, (max-width: 512px) 100vw, 512px\" \/><\/figure><\/div>\n\n\n<div style=\"height:16px\" aria-hidden=\"true\" class=\"wp-block-spacer\"><\/div>\n\n\n\n<h3 class=\"wp-block-heading has-text-align-center has-neve-text-color-color has-text-color\">After-Sales Support<\/h3>\n\n\n\n<p class=\"has-text-align-center\">We&#8217;re here when you need us \u2014 responsive, reliable, and just a call away.<\/p>\n\n\n\n<div style=\"height:20px\" aria-hidden=\"true\" class=\"wp-block-spacer\"><\/div>\n<\/div>\n<\/div>\n\n\n\n<div class=\"wp-block-cover alignfull\" style=\"min-height:600px;aspect-ratio:unset;\"><span aria-hidden=\"true\" class=\"wp-block-cover__background has-nv-light-bg-background-color has-background-dim-80 has-background-dim\"><\/span><div class=\"wp-block-cover__inner-container is-layout-flow wp-block-cover-is-layout-flow\">\n<div class=\"wp-block-group\"><div class=\"wp-block-group__inner-container is-layout-flow wp-block-group-is-layout-flow\">\n<div style=\"height:80px\" aria-hidden=\"true\" class=\"wp-block-spacer\"><\/div>\n\n\n\n<div class=\"wp-block-columns is-layout-flex wp-container-core-columns-is-layout-9d6595d7 wp-block-columns-is-layout-flex\">\n<div class=\"wp-block-column is-layout-flow wp-block-column-is-layout-flow\" style=\"padding-right:0;padding-left:0;flex-basis:20%\">\n<div class=\"wp-block-group is-vertical is-content-justification-center is-layout-flex wp-container-core-group-is-layout-4b2eccd6 wp-block-group-is-layout-flex\"><\/div>\n<\/div>\n\n\n\n<div class=\"wp-block-column is-layout-flow wp-block-column-is-layout-flow\" style=\"flex-basis:60%\">\n<div class=\"wp-block-group is-vertical is-content-justification-center is-layout-flex wp-container-core-group-is-layout-4b2eccd6 wp-block-group-is-layout-flex\">\n<h2 class=\"wp-block-heading has-text-align-center has-neve-text-color-color has-text-color has-link-color wp-elements-ed1401a40af265ec084985ef36e8a4b2\">Our work,<\/h2>\n\n\n\n<p class=\"has-text-align-center has-neve-text-color-color has-text-color has-link-color wp-elements-ef322159004e4ff4c80ee550bc0a6508\">Let <strong>\u00d6zy\u0131ld\u0131z<\/strong> take the stress out of commercial cooling \u2014 we keep your display and storage units performing at their best, so you can focus on running your business.<\/p>\n\n\n\n<div style=\"height:0px\" aria-hidden=\"true\" class=\"wp-block-spacer wp-container-content-541a6b20\"><\/div>\n<\/div>\n<\/div>\n\n\n\n<div class=\"wp-block-column is-layout-flow wp-block-column-is-layout-flow\" style=\"flex-basis:20%\">\n<div class=\"wp-block-group is-vertical is-content-justification-center is-layout-flex wp-container-core-group-is-layout-4b2eccd6 wp-block-group-is-layout-flex\"><\/div>\n<\/div>\n<\/div>\n<\/div><\/div>\n\n\n\n<div class=\"wp-block-group\"><div class=\"wp-block-group__inner-container is-layout-flow wp-block-group-is-layout-flow\">\n<figure class=\"wp-block-gallery has-nested-images columns-4 is-cropped wp-block-gallery-4 is-layout-flex wp-block-gallery-is-layout-flex\">\n<figure class=\"wp-block-image size-large\"><a href=\"https:\/\/ozyildiziklim.com\/index.php\/product-category\/csystems\/\"><img loading=\"lazy\" decoding=\"async\" width=\"766\" height=\"766\" data-id=\"80\" src=\"https:\/\/ozyildiziklim.com\/wp-content\/uploads\/2025\/06\/Heuch-Commercial-Chiller-19-Medium-edited.webp\" alt=\"\" class=\"wp-image-80\" srcset=\"https:\/\/ozyildiziklim.com\/wp-content\/uploads\/2025\/06\/Heuch-Commercial-Chiller-19-Medium-edited.webp 766w, https:\/\/ozyildiziklim.com\/wp-content\/uploads\/2025\/06\/Heuch-Commercial-Chiller-19-Medium-edited-300x300.webp 300w, https:\/\/ozyildiziklim.com\/wp-content\/uploads\/2025\/06\/Heuch-Commercial-Chiller-19-Medium-edited-100x100.webp 100w, https:\/\/ozyildiziklim.com\/wp-content\/uploads\/2025\/06\/Heuch-Commercial-Chiller-19-Medium-edited-600x600.webp 600w, https:\/\/ozyildiziklim.com\/wp-content\/uploads\/2025\/06\/Heuch-Commercial-Chiller-19-Medium-edited-150x150.webp 150w\" sizes=\"auto, (max-width: 766px) 100vw, 766px\" \/><\/a><figcaption class=\"wp-element-caption\">Cooling Systems<\/figcaption><\/figure>\n\n\n\n<figure class=\"wp-block-image size-large\"><a href=\"https:\/\/ozyildiziklim.com\/index.php\/product-category\/refrigated-shelves\/\"><img loading=\"lazy\" decoding=\"async\" width=\"1000\" height=\"667\" data-id=\"78\" src=\"https:\/\/ozyildiziklim.com\/wp-content\/uploads\/2025\/06\/Which-Food-Should-be-Stored-on-the-Top-Shelf-in-a-Commercial-Refrigerator-4.jpeg\" alt=\"\" class=\"wp-image-78\" srcset=\"https:\/\/ozyildiziklim.com\/wp-content\/uploads\/2025\/06\/Which-Food-Should-be-Stored-on-the-Top-Shelf-in-a-Commercial-Refrigerator-4.jpeg 1000w, https:\/\/ozyildiziklim.com\/wp-content\/uploads\/2025\/06\/Which-Food-Should-be-Stored-on-the-Top-Shelf-in-a-Commercial-Refrigerator-4-600x400.jpeg 600w, https:\/\/ozyildiziklim.com\/wp-content\/uploads\/2025\/06\/Which-Food-Should-be-Stored-on-the-Top-Shelf-in-a-Commercial-Refrigerator-4-300x200.jpeg 300w, https:\/\/ozyildiziklim.com\/wp-content\/uploads\/2025\/06\/Which-Food-Should-be-Stored-on-the-Top-Shelf-in-a-Commercial-Refrigerator-4-768x512.jpeg 768w, https:\/\/ozyildiziklim.com\/wp-content\/uploads\/2025\/06\/Which-Food-Should-be-Stored-on-the-Top-Shelf-in-a-Commercial-Refrigerator-4-930x620.jpeg 930w\" sizes=\"auto, (max-width: 1000px) 100vw, 1000px\" \/><\/a><figcaption class=\"wp-element-caption\">Refrigerated Shelves<\/figcaption><\/figure>\n\n\n\n<figure class=\"wp-block-image size-large\"><a href=\"https:\/\/ozyildiziklim.com\/index.php\/product-category\/coldrooms\/\"><img loading=\"lazy\" decoding=\"async\" width=\"1024\" height=\"768\" data-id=\"77\" src=\"https:\/\/ozyildiziklim.com\/wp-content\/uploads\/2025\/06\/polarcool-image-4-1024x768.jpg\" alt=\"\" class=\"wp-image-77\" srcset=\"https:\/\/ozyildiziklim.com\/wp-content\/uploads\/2025\/06\/polarcool-image-4-1024x768.jpg 1024w, https:\/\/ozyildiziklim.com\/wp-content\/uploads\/2025\/06\/polarcool-image-4-600x450.jpg 600w, https:\/\/ozyildiziklim.com\/wp-content\/uploads\/2025\/06\/polarcool-image-4-300x225.jpg 300w, https:\/\/ozyildiziklim.com\/wp-content\/uploads\/2025\/06\/polarcool-image-4-768x576.jpg 768w, https:\/\/ozyildiziklim.com\/wp-content\/uploads\/2025\/06\/polarcool-image-4-1536x1153.jpg 1536w, https:\/\/ozyildiziklim.com\/wp-content\/uploads\/2025\/06\/polarcool-image-4-2048x1537.jpg 2048w\" sizes=\"auto, (max-width: 1024px) 100vw, 1024px\" \/><\/a><figcaption class=\"wp-element-caption\">Coldroom Storages<\/figcaption><\/figure>\n<\/figure>\n\n\n\n<div style=\"height:53px\" aria-hidden=\"true\" class=\"wp-block-spacer\"><\/div>\n\n\n\n<div class=\"wp-block-buttons is-content-justification-center is-layout-flex wp-container-core-buttons-is-layout-16018d1d wp-block-buttons-is-layout-flex\">\n<div class=\"wp-block-button is-style-primary\"><a class=\"wp-block-button__link has-text-align-center wp-element-button\" href=\"https:\/\/ozyildiziklim.com\/index.php\/products\/\">Learn more<\/a><\/div>\n<\/div>\n\n\n\n<div style=\"height:23px\" aria-hidden=\"true\" class=\"wp-block-spacer\"><\/div>\n<\/div><\/div>\n<\/div><\/div>\n\n\n\n<div class=\"wp-block-cover alignfull\" style=\"min-height:600px;aspect-ratio:unset;\"><span aria-hidden=\"true\" class=\"wp-block-cover__background has-nv-site-bg-background-color has-background-dim-100 has-background-dim\"><\/span><div class=\"wp-block-cover__inner-container is-layout-flow wp-block-cover-is-layout-flow\">\n<div class=\"wp-block-group\"><div class=\"wp-block-group__inner-container is-layout-flow wp-block-group-is-layout-flow\">\n<div style=\"height:80px\" aria-hidden=\"true\" class=\"wp-block-spacer\"><\/div>\n\n\n\n<div class=\"wp-block-columns are-vertically-aligned-center is-layout-flex wp-container-core-columns-is-layout-9d6595d7 wp-block-columns-is-layout-flex\">\n<div class=\"wp-block-column is-vertically-aligned-center is-layout-flow wp-block-column-is-layout-flow\" style=\"padding-right:var(--wp--preset--spacing--30);padding-left:var(--wp--preset--spacing--30);flex-basis:50%\">\n<figure class=\"wp-block-image size-full has-custom-border is-style-default\"><img loading=\"lazy\" decoding=\"async\" width=\"644\" height=\"600\" src=\"https:\/\/ozyildiziklim.com\/wp-content\/uploads\/2025\/06\/multideck-airflow.webp\" alt=\"\" class=\"wp-image-68\" style=\"border-radius:16px\" srcset=\"https:\/\/ozyildiziklim.com\/wp-content\/uploads\/2025\/06\/multideck-airflow.webp 644w, https:\/\/ozyildiziklim.com\/wp-content\/uploads\/2025\/06\/multideck-airflow-600x559.webp 600w, https:\/\/ozyildiziklim.com\/wp-content\/uploads\/2025\/06\/multideck-airflow-300x280.webp 300w\" sizes=\"auto, (max-width: 644px) 100vw, 644px\" \/><\/figure>\n<\/div>\n\n\n\n<div class=\"wp-block-column is-vertically-aligned-center is-layout-flow wp-block-column-is-layout-flow\" style=\"padding-right:var(--wp--preset--spacing--30);padding-left:var(--wp--preset--spacing--30);flex-basis:50%\">\n<div style=\"height:20px\" aria-hidden=\"true\" class=\"wp-block-spacer\"><\/div>\n\n\n\n<h2 class=\"wp-block-heading has-text-align-left has-neve-text-color-color has-text-color\">Keep your system running at its best \u2014 all year long.<\/h2>\n\n\n\n<p class=\"has-text-align-left has-neve-text-color-color has-text-color\" style=\"font-size:17px\">At \u00d6zy\u0131ld\u0131z Industrial Cooling, we believe that regular maintenance is the key to long-lasting performance and energy efficiency. Whether it\u2019s your home or business, our expert technicians provide thorough, scheduled check-ups to ensure your system is working safely, smoothly, and cost-effectively.<\/p>\n\n\n\n<div class=\"wp-block-buttons has-custom-font-size has-small-font-size is-content-justification-left is-layout-flex wp-container-core-buttons-is-layout-fdcfc74e wp-block-buttons-is-layout-flex\">\n<div class=\"wp-block-button is-style-default\"><a class=\"wp-block-button__link has-nv-text-dark-bg-color has-neve-link-color-background-color has-text-color has-background has-link-color has-custom-font-size wp-element-button\" href=\"https:\/\/ozyildiziklim.com\/index.php\/contact\/\" style=\"font-size:16px\">Contact us<\/a><\/div>\n<\/div>\n<\/div>\n<\/div>\n\n\n\n<div style=\"height:40px\" aria-hidden=\"true\" class=\"wp-block-spacer\"><\/div>\n<\/div><\/div>\n<\/div><\/div>\n\n\n\n<div class=\"wp-block-cover alignfull\" style=\"min-height:300px;aspect-ratio:unset;\"><span aria-hidden=\"true\" class=\"wp-block-cover__background has-neve-link-color-background-color has-background-dim-100 has-background-dim\"><\/span><div class=\"wp-block-cover__inner-container is-layout-flow wp-block-cover-is-layout-flow\">\n<div style=\"height:140px\" aria-hidden=\"true\" class=\"wp-block-spacer\"><\/div>\n\n\n\n<div class=\"wp-block-columns is-layout-flex wp-container-core-columns-is-layout-9d6595d7 wp-block-columns-is-layout-flex\">\n<div class=\"wp-block-column is-layout-flow wp-block-column-is-layout-flow\" style=\"flex-basis:20%\"><\/div>\n\n\n\n<div class=\"wp-block-column is-layout-flow wp-block-column-is-layout-flow\" style=\"flex-basis:60%\">\n<div class=\"wp-block-group\"><div class=\"wp-block-group__inner-container is-layout-constrained wp-block-group-is-layout-constrained\">\n<h2 class=\"wp-block-heading has-text-align-center has-nv-text-dark-bg-color has-text-color\">Our Maintenance Services<\/h2>\n\n\n\n<p class=\"has-text-align-center has-nv-text-dark-bg-color has-text-color has-link-color wp-elements-dc2b082b0a7c3d18aa855028fa5504d7\">With years of experience in the refrigeration industry, we\u2019ve built a reputation on quality workmanship, fast service, and complete customer satisfaction. Whether you&#8217;re upgrading your retail display fridges or managing a cold storage installation, our expert team is here to deliver tailor-made cooling solutions you can trust.<\/p>\n\n\n\n<p class=\"has-text-align-center has-nv-text-dark-bg-color has-text-color has-link-color wp-elements-f4fd5ead1ae9339023b8033e8dd37375\">We don\u2019t just maintain your cooling systems \u2014 we build lasting relationships through honest advice, fair pricing, and dependable after-sales support.<\/p>\n\n\n\n<div class=\"wp-block-buttons is-horizontal is-content-justification-center is-layout-flex wp-container-core-buttons-is-layout-499968f5 wp-block-buttons-is-layout-flex\">\n<div class=\"wp-block-button is-style-primary\"><a class=\"wp-block-button__link has-neve-link-color-color has-text-color has-background has-link-color wp-element-button\" href=\"https:\/\/ozyildiziklim.com\/index.php\/contact\/\" style=\"background-color:#ffffff\">Get a quote!<\/a><\/div>\n<\/div>\n<\/div><\/div>\n<\/div>\n\n\n\n<div class=\"wp-block-column is-layout-flow wp-block-column-is-layout-flow\" style=\"flex-basis:20%\"><\/div>\n<\/div>\n\n\n\n<div style=\"height:140px\" aria-hidden=\"true\" class=\"wp-block-spacer\"><\/div>\n<\/div><\/div>\n\n\n\n<p><\/p>\n","protected":false},"excerpt":{"rendered":"<p>Installation &amp; Replacement Tailored to your space and budget, with expert advice from day one. Maintenance &amp; Repairs Fast response times and skilled technicians to keep your system running smoothly year-round. Commercial Solutions Custom cooling solutions for offices, shops, butchers, and industrial spaces. After-Sales Support We&#8217;re here when you need us \u2014 responsive, reliable, and&hellip;&nbsp;<a href=\"https:\/\/ozyildiziklim.com\/\" rel=\"bookmark\"><span class=\"screen-reader-text\">Homepage<\/span><\/a><\/p>\n","protected":false},"author":2,"featured_media":0,"parent":0,"menu_order":0,"comment_status":"closed","ping_status":"closed","template":"","meta":{"neve_meta_sidebar":"","neve_meta_container":"","neve_meta_enable_content_width":"on","neve_meta_content_width":100,"neve_meta_title_alignment":"","neve_meta_author_avatar":"","neve_post_elements_order":"","neve_meta_disable_header":"","neve_meta_disable_footer":"","neve_meta_disable_title":"on","footnotes":""},"class_list":["post-9","page","type-page","status-publish","hentry"],"jetpack_sharing_enabled":true,"_links":{"self":[{"href":"https:\/\/ozyildiziklim.com\/index.php\/wp-json\/wp\/v2\/pages\/9","targetHints":{"allow":["GET"]}}],"collection":[{"href":"https:\/\/ozyildiziklim.com\/index.php\/wp-json\/wp\/v2\/pages"}],"about":[{"href":"https:\/\/ozyildiziklim.com\/index.php\/wp-json\/wp\/v2\/types\/page"}],"author":[{"embeddable":true,"href":"https:\/\/ozyildiziklim.com\/index.php\/wp-json\/wp\/v2\/users\/2"}],"replies":[{"embeddable":true,"href":"https:\/\/ozyildiziklim.com\/index.php\/wp-json\/wp\/v2\/comments?post=9"}],"version-history":[{"count":12,"href":"https:\/\/ozyildiziklim.com\/index.php\/wp-json\/wp\/v2\/pages\/9\/revisions"}],"predecessor-version":[{"id":233,"href":"https:\/\/ozyildiziklim.com\/index.php\/wp-json\/wp\/v2\/pages\/9\/revisions\/233"}],"wp:attachment":[{"href":"https:\/\/ozyildiziklim.com\/index.php\/wp-json\/wp\/v2\/media?parent=9"}],"curies":[{"name":"wp","href":"https:\/\/api.w.org\/{rel}","templated":true}]}}